{"id":1287,"date":"2024-11-18T14:17:38","date_gmt":"2024-11-18T14:17:38","guid":{"rendered":"https:\/\/growhairguru.com\/?page_id=1287"},"modified":"2025-03-04T15:51:41","modified_gmt":"2025-03-04T15:51:41","slug":"contact-us","status":"publish","type":"page","link":"https:\/\/growhairguru.com\/fr\/contact-us\/","title":{"rendered":"Contactez-nous"},"content":{"rendered":"<div data-elementor-type=\"wp-page\" data-elementor-id=\"1287\" class=\"elementor elementor-1287\" data-elementor-post-type=\"page\">\n\t\t\t\t\t\t<section class=\"elementor-section elementor-top-section elementor-element elementor-element-aa3b600 elementor-section-boxed elementor-section-height-default elementor-section-height-default\" data-id=\"aa3b600\" data-element_type=\"section\" data-settings=\"{&quot;background_background&quot;:&quot;classic&quot;,&quot;jet_parallax_layout_list&quot;:[],&quot;ekit_has_onepagescroll_dot&quot;:&quot;yes&quot;}\">\n\t\t\t\t\t\t<div class=\"elementor-container elementor-column-gap-default\">\n\t\t\t\t\t<div class=\"elementor-column elementor-col-100 elementor-top-column elementor-element elementor-element-7fee56a\" data-id=\"7fee56a\" data-element_type=\"column\" data-settings=\"{&quot;background_background&quot;:&quot;classic&quot;}\">\n\t\t\t<div class=\"elementor-widget-wrap elementor-element-populated\">\n\t\t\t\t\t\t<div class=\"elementor-element elementor-element-743d6566 elementor-widget elementor-widget-heading\" data-id=\"743d6566\" data-element_type=\"widget\" data-settings=\"{&quot;ekit_we_effect_on&quot;:&quot;none&quot;}\" data-widget_type=\"heading.default\">\n\t\t\t\t<div class=\"elementor-widget-container\">\n\t\t\t\t\t<h2 class=\"elementor-heading-title elementor-size-default\">Contact<\/h2>\t\t\t\t<\/div>\n\t\t\t\t<\/div>\n\t\t\t\t<div class=\"elementor-element elementor-element-54593484 elementor-widget__width-auto elementor-widget elementor-widget-elementskit-page-list\" data-id=\"54593484\" data-element_type=\"widget\" data-settings=\"{&quot;ekit_we_effect_on&quot;:&quot;none&quot;}\" data-widget_type=\"elementskit-page-list.default\">\n\t\t\t\t<div class=\"elementor-widget-container\">\n\t\t\t\t\t<div class=\"ekit-wid-con\" >\t\t<div class=\"elementor-icon-list-items  elementor-inline-items\">\n\t\t\t\t\t\t\t<div class=\"elementor-icon-list-item\">\n\t\t\t\t\t\t<a class=\"elementor-repeater-item-c4a0705 ekit_badge_left\" href=\"https:\/\/growhairguru.com\" target=\"_blank\" rel=\"nofollow\">\n\t\t\t\t\t\t\t<div class=\"ekit_page_list_content\">\n\t\t\t\t\t\t\t\t\t\t\t\t\t\t\t\t<span class=\"elementor-icon-list-text\">\n\t\t\t\t\t\t\t\t\t<span class=\"ekit_page_list_title_title\">Maison<\/span>\n\t\t\t\t\t\t\t\t\t\t\t\t\t\t\t\t\t<\/span>\n\t\t\t\t\t\t\t<\/div>\n\t\t\t\t\t\t\t\t\t\t\t\t\t<\/a>\n\t\t\t\t\t<\/div>\n\t\t\t\t\t\t\t\t<div class=\"elementor-icon-list-item\">\n\t\t\t\t\t\t<a class=\"elementor-repeater-item-7aea60e ekit_badge_left\" href=\"https:\/\/growhairguru.com\/contact-us\/\" target=\"_blank\" rel=\"nofollow\">\n\t\t\t\t\t\t\t<div class=\"ekit_page_list_content\">\n\t\t\t\t\t\t\t\t\t\t\t\t\t\t\t\t\t<span class=\"elementor-icon-list-icon\">\n\t\t\t\t\t\t\t\t\t\t<svg aria-hidden=\"true\" class=\"e-font-icon-svg e-fas-circle\" viewbox=\"0 0 512 512\" xmlns=\"http:\/\/www.w3.org\/2000\/svg\"><path d=\"M256 8C119 8 8 119 8 256s111 248 248 248 248-111 248-248S393 8 256 8z\"><\/path><\/svg>\t\t\t\t\t\t\t\t\t<\/span>\n\t\t\t\t\t\t\t\t\t\t\t\t\t\t\t\t<span class=\"elementor-icon-list-text\">\n\t\t\t\t\t\t\t\t\t<span class=\"ekit_page_list_title_title\">Contact<\/span>\n\t\t\t\t\t\t\t\t\t\t\t\t\t\t\t\t\t<\/span>\n\t\t\t\t\t\t\t<\/div>\n\t\t\t\t\t\t\t\t\t\t\t\t\t<\/a>\n\t\t\t\t\t<\/div>\n\t\t\t\t\t\t<\/div>\n\t\t<\/div>\t\t\t\t<\/div>\n\t\t\t\t<\/div>\n\t\t\t\t\t<\/div>\n\t\t<\/div>\n\t\t\t\t\t<\/div>\n\t\t<\/section>\n\t\t\t\t<section class=\"elementor-section elementor-top-section elementor-element elementor-element-f1c109e elementor-section-boxed elementor-section-height-default elementor-section-height-default\" data-id=\"f1c109e\" data-element_type=\"section\" data-settings=\"{&quot;jet_parallax_layout_list&quot;:[],&quot;ekit_has_onepagescroll_dot&quot;:&quot;yes&quot;}\">\n\t\t\t\t\t\t<div class=\"elementor-container elementor-column-gap-default\">\n\t\t\t\t\t<div class=\"elementor-column elementor-col-50 elementor-top-column elementor-element elementor-element-71f98374\" data-id=\"71f98374\" data-element_type=\"column\">\n\t\t\t<div class=\"elementor-widget-wrap elementor-element-populated\">\n\t\t\t\t\t\t<div class=\"elementor-element elementor-element-321cf4bf elementor-widget elementor-widget-heading\" data-id=\"321cf4bf\" data-element_type=\"widget\" data-settings=\"{&quot;ekit_we_effect_on&quot;:&quot;none&quot;}\" data-widget_type=\"heading.default\">\n\t\t\t\t<div class=\"elementor-widget-container\">\n\t\t\t\t\t<h2 class=\"elementor-heading-title elementor-size-default\">Envoyez-nous un message,<br>\nNous resterons en contact<\/h2>\t\t\t\t<\/div>\n\t\t\t\t<\/div>\n\t\t\t\t<div class=\"elementor-element elementor-element-80ea3b6 elementor-button-align-stretch elementor-widget elementor-widget-form\" data-id=\"80ea3b6\" data-element_type=\"widget\" data-settings=\"{&quot;step_next_label&quot;:&quot;Next&quot;,&quot;step_previous_label&quot;:&quot;Previous&quot;,&quot;button_width&quot;:&quot;100&quot;,&quot;step_type&quot;:&quot;number_text&quot;,&quot;step_icon_shape&quot;:&quot;circle&quot;,&quot;ekit_we_effect_on&quot;:&quot;none&quot;}\" data-widget_type=\"form.default\">\n\t\t\t\t<div class=\"elementor-widget-container\">\n\t\t\t\t\t\t\t<form class=\"elementor-form\" method=\"post\" name=\"New Form\" action=\"\">\n\t\t\t<input type=\"hidden\" name=\"post_id\" value=\"1287\"\/>\n\t\t\t<input type=\"hidden\" name=\"form_id\" value=\"80ea3b6\"\/>\n\t\t\t<input type=\"hidden\" name=\"referer_title\" value=\"Hairegen &#8211; the most advanced hair strengthening device in the world to treat hair loss\" \/>\n\n\t\t\t\n\t\t\t<div class=\"elementor-form-fields-wrapper elementor-labels-above\">\n\t\t\t\t\t\t\t\t<div class=\"elementor-field-type-text elementor-field-group elementor-column elementor-field-group-name elementor-col-100\">\n\t\t\t\t\t\t\t\t\t\t\t\t\t<input size=\"1\" type=\"text\" name=\"form_fields[name]\" id=\"form-field-name\" class=\"elementor-field elementor-size-sm  elementor-field-textual\" placeholder=\"Nom\">\n\t\t\t\t\t\t\t\t\t\t\t<\/div>\n\t\t\t\t\t\t\t\t<div class=\"elementor-field-type-email elementor-field-group elementor-column elementor-field-group-email elementor-col-100 elementor-field-required\">\n\t\t\t\t\t\t\t\t\t\t\t\t\t<input size=\"1\" type=\"email\" name=\"form_fields[email]\" id=\"form-field-email\" class=\"elementor-field elementor-size-sm  elementor-field-textual\" placeholder=\"E-mail\" required=\"required\" aria-required=\"true\">\n\t\t\t\t\t\t\t\t\t\t\t<\/div>\n\t\t\t\t\t\t\t\t<div class=\"elementor-field-type-textarea elementor-field-group elementor-column elementor-field-group-message elementor-col-100\">\n\t\t\t\t\t<textarea class=\"elementor-field-textual elementor-field  elementor-size-sm\" name=\"form_fields[message]\" id=\"form-field-message\" rows=\"4\" placeholder=\"Message\"><\/textarea>\t\t\t\t<\/div>\n\t\t\t\t\t\t\t\t<div class=\"elementor-field-group elementor-column elementor-field-type-submit elementor-col-100 e-form__buttons\">\n\t\t\t\t\t<button class=\"elementor-button elementor-size-sm\" type=\"submit\">\n\t\t\t\t\t\t<span class=\"elementor-button-content-wrapper\">\n\t\t\t\t\t\t\t\t\t\t\t\t\t\t\t\t\t\t\t\t\t\t<span class=\"elementor-button-text\">Envoyer<\/span>\n\t\t\t\t\t\t\t\t\t\t\t\t\t<\/span>\n\t\t\t\t\t<\/button>\n\t\t\t\t<\/div>\n\t\t\t<\/div>\n\t\t<input type=\"hidden\" name=\"trp-form-language\" value=\"fr\"\/><\/form>\n\t\t\t\t\t\t<\/div>\n\t\t\t\t<\/div>\n\t\t\t\t\t<\/div>\n\t\t<\/div>\n\t\t\t\t<div class=\"elementor-column elementor-col-50 elementor-top-column elementor-element elementor-element-274e9d5a\" data-id=\"274e9d5a\" data-element_type=\"column\">\n\t\t\t<div class=\"elementor-widget-wrap elementor-element-populated\">\n\t\t\t\t\t\t<section class=\"elementor-section elementor-inner-section elementor-element elementor-element-58e2d512 elementor-section-full_width elementor-section-height-default elementor-section-height-default\" data-id=\"58e2d512\" data-element_type=\"section\" data-settings=\"{&quot;background_background&quot;:&quot;classic&quot;,&quot;jet_parallax_layout_list&quot;:[],&quot;ekit_has_onepagescroll_dot&quot;:&quot;yes&quot;}\">\n\t\t\t\t\t\t<div class=\"elementor-container elementor-column-gap-default\">\n\t\t\t\t\t<div class=\"elementor-column elementor-col-100 elementor-inner-column elementor-element elementor-element-184e9bf8\" data-id=\"184e9bf8\" data-element_type=\"column\">\n\t\t\t<div class=\"elementor-widget-wrap elementor-element-populated\">\n\t\t\t\t\t\t<div class=\"elementor-element elementor-element-5a1dc961 elementor-widget elementor-widget-elementskit-heading\" data-id=\"5a1dc961\" data-element_type=\"widget\" data-settings=\"{&quot;ekit_we_effect_on&quot;:&quot;none&quot;}\" data-widget_type=\"elementskit-heading.default\">\n\t\t\t\t<div class=\"elementor-widget-container\">\n\t\t\t\t\t<div class=\"ekit-wid-con\" ><div class=\"ekit-heading elementskit-section-title-wraper text_left   ekit_heading_tablet-   ekit_heading_mobile-\"><h2 class=\"ekit-heading--title elementskit-section-title\">Parlons-en !<\/h2><h3 class=\"ekit-heading--subtitle elementskit-section-subtitle\">\n\t\t\t\t\t\tVous avez des questions sur nos produits ? Besoin d&#039;aide pour votre commande ? Vous recherchez des conseils personnalis\u00e9s ? Chez Hairegen, nous nous engageons \u00e0 fournir un service client exceptionnel pour vous aider \u00e0 atteindre vos objectifs de restauration capillaire.\n\t\t\t\t\t<\/h3><\/div><\/div>\t\t\t\t<\/div>\n\t\t\t\t<\/div>\n\t\t\t\t<div class=\"elementor-element elementor-element-77d4cce3 ekit-equal-height-disable elementor-widget elementor-widget-elementskit-icon-box\" data-id=\"77d4cce3\" data-element_type=\"widget\" data-settings=\"{&quot;ekit_we_effect_on&quot;:&quot;none&quot;}\" data-widget_type=\"elementskit-icon-box.default\">\n\t\t\t\t<div class=\"elementor-widget-container\">\n\t\t\t\t\t<div class=\"ekit-wid-con\" >        <!-- link opening -->\n                <a href=\"#\" class=\"ekit_global_links\">\n                <!-- end link opening -->\n\n        <div class=\"elementskit-infobox text- text- icon-lef-right-aligin elementor-animation-\">\n                        <div class=\"box-body\">\n                            <h3 class=\"elementskit-info-box-title\">\n                    E-mail:                <\/h3>\n                        \t\t  \t<p>info@growhairguru.com<\/p>\n                                <\/div>\n        \n        \n                <\/div>\n                <\/a>\n        <\/div>\t\t\t\t<\/div>\n\t\t\t\t<\/div>\n\t\t\t\t<div class=\"elementor-element elementor-element-6f5cf047 ekit-equal-height-disable elementor-widget elementor-widget-elementskit-icon-box\" data-id=\"6f5cf047\" data-element_type=\"widget\" data-settings=\"{&quot;ekit_we_effect_on&quot;:&quot;none&quot;}\" data-widget_type=\"elementskit-icon-box.default\">\n\t\t\t\t<div class=\"elementor-widget-container\">\n\t\t\t\t\t<div class=\"ekit-wid-con\" >        <!-- link opening -->\n                <a href=\"#\" class=\"ekit_global_links\">\n                <!-- end link opening -->\n\n        <div class=\"elementskit-infobox text- text- icon-lef-right-aligin elementor-animation-\">\n                        <div class=\"box-body\">\n                            <h3 class=\"elementskit-info-box-title\">\n                    T\u00e9l\u00e9phone:                <\/h3>\n                        \t\t  \t<p>+(460) 82 72  476<\/p>\n                                <\/div>\n        \n        \n                <\/div>\n                <\/a>\n        <\/div>\t\t\t\t<\/div>\n\t\t\t\t<\/div>\n\t\t\t\t<div class=\"elementor-element elementor-element-bd6a275 elementor-widget elementor-widget-heading\" data-id=\"bd6a275\" data-element_type=\"widget\" data-settings=\"{&quot;ekit_we_effect_on&quot;:&quot;none&quot;}\" data-widget_type=\"heading.default\">\n\t\t\t\t<div class=\"elementor-widget-container\">\n\t\t\t\t\t<h2 class=\"elementor-heading-title elementor-size-default\">Suivez-nous:<\/h2>\t\t\t\t<\/div>\n\t\t\t\t<\/div>\n\t\t\t\t<div class=\"elementor-element elementor-element-7e30edfe elementor-widget elementor-widget-elementskit-social-media\" data-id=\"7e30edfe\" data-element_type=\"widget\" data-settings=\"{&quot;ekit_we_effect_on&quot;:&quot;none&quot;}\" data-widget_type=\"elementskit-social-media.default\">\n\t\t\t\t<div class=\"elementor-widget-container\">\n\t\t\t\t\t<div class=\"ekit-wid-con\" >\t\t\t <ul class=\"ekit_social_media\">\n\t\t\t\t\t\t\t\t\t\t\t\t\t\t<li class=\"elementor-repeater-item-480d31e\">\n\t\t\t\t\t    <a\n\t\t\t\t\t\thref=\"https:\/\/facebook.com\" aria-label=\"Facebook\" class=\"facebook\" >\n\t\t\t\t\t\t\t\t\t\t\t\t\t\t\n\t\t\t\t\t\t\t<i aria-hidden=\"true\" class=\"icon icon-facebook\"><\/i>\t\t\t\t\t\t\t\t\t\n                                                                                                            <\/a>\n                    <\/li>\n                    \t\t\t\t\t\t\t\t\t\t\t\t\t\t<li class=\"elementor-repeater-item-ee208cf\">\n\t\t\t\t\t    <a\n\t\t\t\t\t\thref=\"https:\/\/facebook.com\" aria-label=\"Gazouillement\" class=\"twitter\" >\n\t\t\t\t\t\t\t\t\t\t\t\t\t\t\n\t\t\t\t\t\t\t<i aria-hidden=\"true\" class=\"icon icon-twitter\"><\/i>\t\t\t\t\t\t\t\t\t\n                                                                                                            <\/a>\n                    <\/li>\n                    \t\t\t\t\t\t\t\t\t\t\t\t\t\t<li class=\"elementor-repeater-item-429a99c\">\n\t\t\t\t\t    <a\n\t\t\t\t\t\thref=\"https:\/\/facebook.com\" aria-label=\"LinkedIn\" class=\"linkedin\" >\n\t\t\t\t\t\t\t\t\t\t\t\t\t\t\n\t\t\t\t\t\t\t<i aria-hidden=\"true\" class=\"icon icon-linkedin\"><\/i>\t\t\t\t\t\t\t\t\t\n                                                                                                            <\/a>\n                    <\/li>\n                    \t\t\t\t\t\t\t<\/ul>\n\t\t<\/div>\t\t\t\t<\/div>\n\t\t\t\t<\/div>\n\t\t\t\t\t<\/div>\n\t\t<\/div>\n\t\t\t\t\t<\/div>\n\t\t<\/section>\n\t\t\t\t\t<\/div>\n\t\t<\/div>\n\t\t\t\t\t<\/div>\n\t\t<\/section>\n\t\t\t\t<\/div>","protected":false},"excerpt":{"rendered":"<p>Contactez-nous Accueil Contactez-nous Envoyez-nous un message, nous vous r\u00e9pondrons rapidement. Discutons-en ! Des questions sur nos produits ? Besoin d&#039;aide pour votre commande ? Besoin de conseils personnalis\u00e9s ? Chez Hairegen, nous nous engageons \u00e0 vous offrir un service client exceptionnel pour vous aider \u00e0 atteindre vos objectifs de restauration capillaire. Courriel : info@growhairguru.com T\u00e9l\u00e9phone : +(460) 82 72 476 Suivez-nous :<\/p>","protected":false},"author":1,"featured_media":0,"parent":0,"menu_order":0,"comment_status":"closed","ping_status":"closed","template":"","meta":{"footnotes":""},"class_list":["post-1287","page","type-page","status-publish","hentry"],"yoast_head":"<!-- This site is optimized with the Yoast SEO plugin v25.2 - https:\/\/yoast.com\/wordpress\/plugins\/seo\/ -->\n<title>contact us - Hairegen - the most advanced hair strengthening device in the world to treat hair loss<\/title>\n<meta name=\"robots\" content=\"index, follow, max-snippet:-1, max-image-preview:large, max-video-preview:-1\" \/>\n<link rel=\"canonical\" href=\"https:\/\/growhairguru.com\/fr\/contact-us\/\" \/>\n<meta property=\"og:locale\" content=\"fr_FR\" \/>\n<meta property=\"og:type\" content=\"article\" \/>\n<meta property=\"og:title\" content=\"contact us - Hairegen - the most advanced hair strengthening device in the world to treat hair loss\" \/>\n<meta property=\"og:description\" content=\"Contact Home Contact Send us a message, we will be in touch Let\u2019s talk! Have questions about our products? Need assistance with your order? Looking for personalized advice? At Hairegen, we\u2019re committed to providing exceptional customer support to help you achieve your hair restoration goals. Email: info@growhairguru.com Phone: +(460) 82 72 476 Follow us:\" \/>\n<meta property=\"og:url\" content=\"https:\/\/growhairguru.com\/fr\/contact-us\/\" \/>\n<meta property=\"og:site_name\" content=\"Hairegen - the most advanced hair strengthening device in the world to treat hair loss\" \/>\n<meta property=\"article:modified_time\" content=\"2025-03-04T15:51:41+00:00\" \/>\n<meta name=\"twitter:card\" content=\"summary_large_image\" \/>\n<meta name=\"twitter:label1\" content=\"Dur\u00e9e de lecture estim\u00e9e\" \/>\n\t<meta name=\"twitter:data1\" content=\"1 minute\" \/>\n<script type=\"application\/ld+json\" class=\"yoast-schema-graph\">{\"@context\":\"https:\/\/schema.org\",\"@graph\":[{\"@type\":\"WebPage\",\"@id\":\"https:\/\/growhairguru.com\/contact-us\/\",\"url\":\"https:\/\/growhairguru.com\/contact-us\/\",\"name\":\"contact us - Hairegen - the most advanced hair strengthening device in the world to treat hair loss\",\"isPartOf\":{\"@id\":\"https:\/\/growhairguru.com\/#website\"},\"datePublished\":\"2024-11-18T14:17:38+00:00\",\"dateModified\":\"2025-03-04T15:51:41+00:00\",\"breadcrumb\":{\"@id\":\"https:\/\/growhairguru.com\/contact-us\/#breadcrumb\"},\"inLanguage\":\"fr-FR\",\"potentialAction\":[{\"@type\":\"ReadAction\",\"target\":[\"https:\/\/growhairguru.com\/contact-us\/\"]}]},{\"@type\":\"BreadcrumbList\",\"@id\":\"https:\/\/growhairguru.com\/contact-us\/#breadcrumb\",\"itemListElement\":[{\"@type\":\"ListItem\",\"position\":1,\"name\":\"Home\",\"item\":\"https:\/\/growhairguru.com\/\"},{\"@type\":\"ListItem\",\"position\":2,\"name\":\"contact us\"}]},{\"@type\":\"WebSite\",\"@id\":\"https:\/\/growhairguru.com\/#website\",\"url\":\"https:\/\/growhairguru.com\/\",\"name\":\"Hairegen - the most advanced hair strengthening device in the world to treat hair loss\",\"description\":\"The best selling medical device for thickening, hair growth and hair loss treatment. Backed by clinical research which provided 92 percent success!\",\"publisher\":{\"@id\":\"https:\/\/growhairguru.com\/#organization\"},\"potentialAction\":[{\"@type\":\"SearchAction\",\"target\":{\"@type\":\"EntryPoint\",\"urlTemplate\":\"https:\/\/growhairguru.com\/?s={search_term_string}\"},\"query-input\":{\"@type\":\"PropertyValueSpecification\",\"valueRequired\":true,\"valueName\":\"search_term_string\"}}],\"inLanguage\":\"fr-FR\"},{\"@type\":\"Organization\",\"@id\":\"https:\/\/growhairguru.com\/#organization\",\"name\":\"Hairegen - the most advanced hair strengthening device in the world to treat hair loss\",\"url\":\"https:\/\/growhairguru.com\/\",\"logo\":{\"@type\":\"ImageObject\",\"inLanguage\":\"fr-FR\",\"@id\":\"https:\/\/growhairguru.com\/#\/schema\/logo\/image\/\",\"url\":\"https:\/\/growhairguru.com\/wp-content\/uploads\/2024\/10\/Hairegen_logo.png\",\"contentUrl\":\"https:\/\/growhairguru.com\/wp-content\/uploads\/2024\/10\/Hairegen_logo.png\",\"width\":500,\"height\":136,\"caption\":\"Hairegen - the most advanced hair strengthening device in the world to treat hair loss\"},\"image\":{\"@id\":\"https:\/\/growhairguru.com\/#\/schema\/logo\/image\/\"}}]}<\/script>\n<!-- \/ Yoast SEO plugin. -->","yoast_head_json":{"title":"contact us - Hairegen - the most advanced hair strengthening device in the world to treat hair loss","robots":{"index":"index","follow":"follow","max-snippet":"max-snippet:-1","max-image-preview":"max-image-preview:large","max-video-preview":"max-video-preview:-1"},"canonical":"https:\/\/growhairguru.com\/fr\/contact-us\/","og_locale":"fr_FR","og_type":"article","og_title":"contact us - Hairegen - the most advanced hair strengthening device in the world to treat hair loss","og_description":"Contact Home Contact Send us a message, we will be in touch Let\u2019s talk! Have questions about our products? Need assistance with your order? Looking for personalized advice? At Hairegen, we\u2019re committed to providing exceptional customer support to help you achieve your hair restoration goals. Email: info@growhairguru.com Phone: +(460) 82 72 476 Follow us:","og_url":"https:\/\/growhairguru.com\/fr\/contact-us\/","og_site_name":"Hairegen - the most advanced hair strengthening device in the world to treat hair loss","article_modified_time":"2025-03-04T15:51:41+00:00","twitter_card":"summary_large_image","twitter_misc":{"Dur\u00e9e de lecture estim\u00e9e":"1 minute"},"schema":{"@context":"https:\/\/schema.org","@graph":[{"@type":"WebPage","@id":"https:\/\/growhairguru.com\/contact-us\/","url":"https:\/\/growhairguru.com\/contact-us\/","name":"contact us - Hairegen - the most advanced hair strengthening device in the world to treat hair loss","isPartOf":{"@id":"https:\/\/growhairguru.com\/#website"},"datePublished":"2024-11-18T14:17:38+00:00","dateModified":"2025-03-04T15:51:41+00:00","breadcrumb":{"@id":"https:\/\/growhairguru.com\/contact-us\/#breadcrumb"},"inLanguage":"fr-FR","potentialAction":[{"@type":"ReadAction","target":["https:\/\/growhairguru.com\/contact-us\/"]}]},{"@type":"BreadcrumbList","@id":"https:\/\/growhairguru.com\/contact-us\/#breadcrumb","itemListElement":[{"@type":"ListItem","position":1,"name":"Home","item":"https:\/\/growhairguru.com\/"},{"@type":"ListItem","position":2,"name":"contact us"}]},{"@type":"WebSite","@id":"https:\/\/growhairguru.com\/#website","url":"https:\/\/growhairguru.com\/","name":"Hairegen - the most advanced hair strengthening device in the world to treat hair loss","description":"The best selling medical device for thickening, hair growth and hair loss treatment. Backed by clinical research which provided 92 percent success!","publisher":{"@id":"https:\/\/growhairguru.com\/#organization"},"potentialAction":[{"@type":"SearchAction","target":{"@type":"EntryPoint","urlTemplate":"https:\/\/growhairguru.com\/?s={search_term_string}"},"query-input":{"@type":"PropertyValueSpecification","valueRequired":true,"valueName":"search_term_string"}}],"inLanguage":"fr-FR"},{"@type":"Organization","@id":"https:\/\/growhairguru.com\/#organization","name":"Hairegen - the most advanced hair strengthening device in the world to treat hair loss","url":"https:\/\/growhairguru.com\/","logo":{"@type":"ImageObject","inLanguage":"fr-FR","@id":"https:\/\/growhairguru.com\/#\/schema\/logo\/image\/","url":"https:\/\/growhairguru.com\/wp-content\/uploads\/2024\/10\/Hairegen_logo.png","contentUrl":"https:\/\/growhairguru.com\/wp-content\/uploads\/2024\/10\/Hairegen_logo.png","width":500,"height":136,"caption":"Hairegen - the most advanced hair strengthening device in the world to treat hair loss"},"image":{"@id":"https:\/\/growhairguru.com\/#\/schema\/logo\/image\/"}}]}},"_links":{"self":[{"href":"https:\/\/growhairguru.com\/fr\/wp-json\/wp\/v2\/pages\/1287","targetHints":{"allow":["GET"]}}],"collection":[{"href":"https:\/\/growhairguru.com\/fr\/wp-json\/wp\/v2\/pages"}],"about":[{"href":"https:\/\/growhairguru.com\/fr\/wp-json\/wp\/v2\/types\/page"}],"author":[{"embeddable":true,"href":"https:\/\/growhairguru.com\/fr\/wp-json\/wp\/v2\/users\/1"}],"replies":[{"embeddable":true,"href":"https:\/\/growhairguru.com\/fr\/wp-json\/wp\/v2\/comments?post=1287"}],"version-history":[{"count":31,"href":"https:\/\/growhairguru.com\/fr\/wp-json\/wp\/v2\/pages\/1287\/revisions"}],"predecessor-version":[{"id":1872,"href":"https:\/\/growhairguru.com\/fr\/wp-json\/wp\/v2\/pages\/1287\/revisions\/1872"}],"wp:attachment":[{"href":"https:\/\/growhairguru.com\/fr\/wp-json\/wp\/v2\/media?parent=1287"}],"curies":[{"name":"wp","href":"https:\/\/api.w.org\/{rel}","templated":true}]}}