{"id":1261,"date":"2024-11-17T22:49:21","date_gmt":"2024-11-17T22:49:21","guid":{"rendered":"https:\/\/growhairguru.com\/?page_id=1261"},"modified":"2025-03-27T10:07:56","modified_gmt":"2025-03-27T10:07:56","slug":"about-us","status":"publish","type":"page","link":"https:\/\/growhairguru.com\/fr\/about-us\/","title":{"rendered":"\u00c0 propos de nous"},"content":{"rendered":"<div data-elementor-type=\"wp-page\" data-elementor-id=\"1261\" class=\"elementor elementor-1261\" data-elementor-post-type=\"page\">\n\t\t\t\t\t\t<section class=\"elementor-section elementor-top-section elementor-element elementor-element-595da446 elementor-section-boxed elementor-section-height-default elementor-section-height-default\" data-id=\"595da446\" data-element_type=\"section\" data-settings=\"{&quot;jet_parallax_layout_list&quot;:[],&quot;ekit_has_onepagescroll_dot&quot;:&quot;yes&quot;}\">\n\t\t\t\t\t\t<div class=\"elementor-container elementor-column-gap-default\">\n\t\t\t\t\t<div class=\"elementor-column elementor-col-100 elementor-top-column elementor-element elementor-element-5f4e412b\" data-id=\"5f4e412b\" data-element_type=\"column\" data-settings=\"{&quot;background_background&quot;:&quot;classic&quot;}\">\n\t\t\t<div class=\"elementor-widget-wrap elementor-element-populated\">\n\t\t\t\t\t\t<div class=\"elementor-element elementor-element-399a6cab elementor-widget elementor-widget-image\" data-id=\"399a6cab\" data-element_type=\"widget\" data-settings=\"{&quot;ekit_we_effect_on&quot;:&quot;none&quot;}\" data-widget_type=\"image.default\">\n\t\t\t\t<div class=\"elementor-widget-container\">\n\t\t\t\t\t\t\t\t\t\t\t\t\t\t\t<img fetchpriority=\"high\" decoding=\"async\" width=\"1110\" height=\"500\" src=\"https:\/\/growhairguru.com\/wp-content\/uploads\/2024\/11\/services-details_01st.png\" class=\"attachment-full size-full wp-image-1269\" alt=\"\" srcset=\"https:\/\/growhairguru.com\/wp-content\/uploads\/2024\/11\/services-details_01st.png 1110w, https:\/\/growhairguru.com\/wp-content\/uploads\/2024\/11\/services-details_01st-600x270.png 600w, https:\/\/growhairguru.com\/wp-content\/uploads\/2024\/11\/services-details_01st-300x135.png 300w, https:\/\/growhairguru.com\/wp-content\/uploads\/2024\/11\/services-details_01st-1024x461.png 1024w, https:\/\/growhairguru.com\/wp-content\/uploads\/2024\/11\/services-details_01st-768x346.png 768w\" sizes=\"(max-width: 1110px) 100vw, 1110px\" \/>\t\t\t\t\t\t\t\t\t\t\t\t\t\t\t<\/div>\n\t\t\t\t<\/div>\n\t\t\t\t<div class=\"elementor-element elementor-element-516300b5 elementor-widget elementor-widget-elementskit-heading\" data-id=\"516300b5\" data-element_type=\"widget\" data-settings=\"{&quot;ekit_we_effect_on&quot;:&quot;none&quot;}\" data-widget_type=\"elementskit-heading.default\">\n\t\t\t\t<div class=\"elementor-widget-container\">\n\t\t\t\t\t<div class=\"ekit-wid-con\" ><div class=\"ekit-heading elementskit-section-title-wraper text_left   ekit_heading_tablet-   ekit_heading_mobile-\"><h2 class=\"ekit-heading--title elementskit-section-title\">Innovateurs en restauration capillaire<\/h2>\t\t\t\t<div class='ekit-heading__description'>\n\t\t\t\t\t<p>Chez Hairegen, nous pensons que tout le monde m\u00e9rite de se sentir en confiance et en confiance dans son apparence. Les cheveux jouent un r\u00f4le important dans la fa\u00e7on dont nous nous pr\u00e9sentons au monde et nous comprenons \u00e0 quel point la perte de cheveux peut affecter l&#039;estime de soi. C&#039;est pourquoi nous nous sommes consacr\u00e9s \u00e0 la cr\u00e9ation de solutions innovantes, efficaces et faciles \u00e0 utiliser pour lutter contre la perte de cheveux et favoriser la repousse.<\/p>\n<p><strong>Notre mission<\/strong><br \/>Notre mission est de fournir des solutions avanc\u00e9es et non invasives de restauration capillaire qui donnent de vrais r\u00e9sultats. Gr\u00e2ce \u00e0 une technologie de pointe et \u00e0 un engagement envers l&#039;excellence, nous visons \u00e0 aider les gens du monde entier \u00e0 obtenir des cheveux plus sains, plus \u00e9pais et plus \u00e9clatants, le tout dans le confort de leur maison.<\/p>\n<p><strong>Nos produits<\/strong><\/p>\n<ul>\n<li><strong>Cheveux OU<\/strong>:Un appareil r\u00e9volutionnaire qui combine des actions \u00e9lectriques, biochimiques et m\u00e9caniques pour stopper la chute des cheveux et stimuler la repousse naturelle des cheveux.<\/li>\n<li><strong>Hairegen Premium<\/strong>:Notre mod\u00e8le haut de gamme ajoute la technologie laser doux pour am\u00e9liorer le processus de traitement, offrant des r\u00e9sultats encore meilleurs.<\/li>\n<\/ul>\n<p><strong>La science derri\u00e8re Hairegen<\/strong><br \/>Les appareils Hairegen sont con\u00e7us pour s&#039;attaquer aux causes profondes de la perte de cheveux. En stimulant la circulation sanguine, en neutralisant l&#039;hormone DHT et en activant les m\u00e9canismes d&#039;auto-gu\u00e9rison du cuir chevelu, nos produits offrent une approche holistique de la restauration capillaire. L&#039;inclusion d&#039;ions zinc et cuivre soutient davantage la sant\u00e9 des cheveux en ciblant les d\u00e9s\u00e9quilibres hormonaux qui conduisent \u00e0 l&#039;atrophie folliculaire.<\/p>\n\t\t\t\t<\/div>\n\t\t\t<\/div><\/div>\t\t\t\t<\/div>\n\t\t\t\t<\/div>\n\t\t\t\t<div class=\"elementor-element elementor-element-7238dcb0 elementor-widget elementor-widget-elementskit-heading\" data-id=\"7238dcb0\" data-element_type=\"widget\" data-settings=\"{&quot;ekit_we_effect_on&quot;:&quot;none&quot;}\" data-widget_type=\"elementskit-heading.default\">\n\t\t\t\t<div class=\"elementor-widget-container\">\n\t\t\t\t\t<div class=\"ekit-wid-con\" ><div class=\"ekit-heading elementskit-section-title-wraper text_left   ekit_heading_tablet-   ekit_heading_mobile-\"><h2 class=\"ekit-heading--title elementskit-section-title\">Succ\u00e8s clinique<\/h2>\t\t\t\t<div class='ekit-heading__description'>\n\t\t\t\t\t<p>Nos solutions ne sont pas seulement innovantes, elles ont fait leurs preuves. Des \u00e9tudes cliniques d\u00e9montrent que :<\/p>\n\t\t\t\t<\/div>\n\t\t\t<\/div><\/div>\t\t\t\t<\/div>\n\t\t\t\t<\/div>\n\t\t\t\t<section class=\"elementor-section elementor-inner-section elementor-element elementor-element-39dd061c elementor-section-boxed elementor-section-height-default elementor-section-height-default\" data-id=\"39dd061c\" data-element_type=\"section\" data-settings=\"{&quot;jet_parallax_layout_list&quot;:[],&quot;ekit_has_onepagescroll_dot&quot;:&quot;yes&quot;}\">\n\t\t\t\t\t\t<div class=\"elementor-container elementor-column-gap-no\">\n\t\t\t\t\t<div class=\"elementor-column elementor-col-50 elementor-inner-column elementor-element elementor-element-4a50635d\" data-id=\"4a50635d\" data-element_type=\"column\">\n\t\t\t<div class=\"elementor-widget-wrap elementor-element-populated\">\n\t\t\t\t\t\t<div class=\"elementor-element elementor-element-5c48bdb5 elementor-icon-list--layout-traditional elementor-list-item-link-full_width elementor-widget elementor-widget-icon-list\" data-id=\"5c48bdb5\" data-element_type=\"widget\" data-settings=\"{&quot;ekit_we_effect_on&quot;:&quot;none&quot;}\" data-widget_type=\"icon-list.default\">\n\t\t\t\t<div class=\"elementor-widget-container\">\n\t\t\t\t\t\t\t<ul class=\"elementor-icon-list-items\">\n\t\t\t\t\t\t\t<li class=\"elementor-icon-list-item\">\n\t\t\t\t\t\t\t\t\t\t\t<span class=\"elementor-icon-list-icon\">\n\t\t\t\t\t\t\t<i aria-hidden=\"true\" class=\"icon icon-tick\"><\/i>\t\t\t\t\t\t<\/span>\n\t\t\t\t\t\t\t\t\t\t<span class=\"elementor-icon-list-text\">Un taux de r\u00e9ussite de 92% dans l\u2019arr\u00eat de la perte de cheveux.<\/span>\n\t\t\t\t\t\t\t\t\t<\/li>\n\t\t\t\t\t\t\t\t<li class=\"elementor-icon-list-item\">\n\t\t\t\t\t\t\t\t\t\t\t<span class=\"elementor-icon-list-icon\">\n\t\t\t\t\t\t\t<i aria-hidden=\"true\" class=\"icon icon-tick\"><\/i>\t\t\t\t\t\t<\/span>\n\t\t\t\t\t\t\t\t\t\t<span class=\"elementor-icon-list-text\">Une augmentation de la densit\u00e9 des cheveux de 23%.<\/span>\n\t\t\t\t\t\t\t\t\t<\/li>\n\t\t\t\t\t\t\t\t<li class=\"elementor-icon-list-item\">\n\t\t\t\t\t\t\t\t\t\t\t<span class=\"elementor-icon-list-icon\">\n\t\t\t\t\t\t\t<i aria-hidden=\"true\" class=\"icon icon-tick\"><\/i>\t\t\t\t\t\t<\/span>\n\t\t\t\t\t\t\t\t\t\t<span class=\"elementor-icon-list-text\">Une am\u00e9lioration de l&#039;\u00e9paisseur des cheveux gr\u00e2ce au 21%.<\/span>\n\t\t\t\t\t\t\t\t\t<\/li>\n\t\t\t\t\t\t<\/ul>\n\t\t\t\t\t\t<\/div>\n\t\t\t\t<\/div>\n\t\t\t\t\t<\/div>\n\t\t<\/div>\n\t\t\t\t<div class=\"elementor-column elementor-col-50 elementor-inner-column elementor-element elementor-element-2d5d2c98\" data-id=\"2d5d2c98\" data-element_type=\"column\">\n\t\t\t<div class=\"elementor-widget-wrap\">\n\t\t\t\t\t\t\t<\/div>\n\t\t<\/div>\n\t\t\t\t\t<\/div>\n\t\t<\/section>\n\t\t\t\t<div class=\"elementor-element elementor-element-59bc4a13 elementor-widget elementor-widget-elementskit-heading\" data-id=\"59bc4a13\" data-element_type=\"widget\" data-settings=\"{&quot;ekit_we_effect_on&quot;:&quot;none&quot;}\" data-widget_type=\"elementskit-heading.default\">\n\t\t\t\t<div class=\"elementor-widget-container\">\n\t\t\t\t\t<div class=\"ekit-wid-con\" ><div class=\"ekit-heading elementskit-section-title-wraper text_left   ekit_heading_tablet-   ekit_heading_mobile-\">\t\t\t\t<div class='ekit-heading__description'>\n\t\t\t\t\t<p><strong>Engagement envers la qualit\u00e9 et la s\u00e9curit\u00e9<\/strong><br \/>Les appareils Hairegen sont approuv\u00e9s par les autorit\u00e9s sanitaires, notamment le minist\u00e8re de la Sant\u00e9 et le Standards Institute. Sans recours \u00e0 des m\u00e9dicaments ou \u00e0 des proc\u00e9dures invasives, nos traitements offrent une alternative s\u00fbre et pratique aux m\u00e9thodes traditionnelles.<\/p>\n<p><strong>Rejoignez la r\u00e9volution Hairegen<\/strong><br \/>Rejoignez les milliers de clients satisfaits qui ont transform\u00e9 leurs cheveux et leur confiance en eux gr\u00e2ce \u00e0 Hairegen. D\u00e9couvrez comment la science, l&#039;innovation et le d\u00e9vouement s&#039;unissent pour offrir des r\u00e9sultats in\u00e9gal\u00e9s.<\/p>\n\t\t\t\t<\/div>\n\t\t\t<\/div><\/div>\t\t\t\t<\/div>\n\t\t\t\t<\/div>\n\t\t\t\t\t<\/div>\n\t\t<\/div>\n\t\t\t\t\t<\/div>\n\t\t<\/section>\n\t\t\t\t<\/div>","protected":false},"excerpt":{"rendered":"<p>Innovateurs en restauration capillaire. Chez Hairegen, nous pensons que chacun m\u00e9rite d&#039;avoir confiance en soi et d&#039;assumer son apparence. Les cheveux jouent un r\u00f4le essentiel dans l&#039;image que nous avons de nous-m\u00eames, et nous comprenons \u00e0 quel point la perte de cheveux peut affecter l&#039;estime de soi. C&#039;est pourquoi nous nous consacrons \u00e0 la cr\u00e9ation de solutions innovantes, efficaces et faciles \u00e0 utiliser pour lutter contre [\u2026]<\/p>","protected":false},"author":1,"featured_media":0,"parent":0,"menu_order":0,"comment_status":"closed","ping_status":"closed","template":"","meta":{"footnotes":""},"class_list":["post-1261","page","type-page","status-publish","hentry"],"yoast_head":"<!-- This site is optimized with the Yoast SEO plugin v25.2 - https:\/\/yoast.com\/wordpress\/plugins\/seo\/ -->\n<title>About Us - Hairegen - the most advanced hair strengthening device in the world to treat hair loss<\/title>\n<meta name=\"robots\" content=\"index, follow, max-snippet:-1, max-image-preview:large, max-video-preview:-1\" \/>\n<link rel=\"canonical\" href=\"https:\/\/growhairguru.com\/fr\/about-us\/\" \/>\n<meta property=\"og:locale\" content=\"fr_FR\" \/>\n<meta property=\"og:type\" content=\"article\" \/>\n<meta property=\"og:title\" content=\"About Us - Hairegen - the most advanced hair strengthening device in the world to treat hair loss\" \/>\n<meta property=\"og:description\" content=\"Innovators in Hair Restoration At Hairegen, we believe everyone deserves to feel confident and empowered in their appearance. Hair plays a significant role in how we present ourselves to the world, and we understand how deeply hair loss can affect self-esteem. That\u2019s why we\u2019ve dedicated ourselves to creating innovative, effective, and user-friendly solutions to combat [&hellip;]\" \/>\n<meta property=\"og:url\" content=\"https:\/\/growhairguru.com\/fr\/about-us\/\" \/>\n<meta property=\"og:site_name\" content=\"Hairegen - the most advanced hair strengthening device in the world to treat hair loss\" \/>\n<meta property=\"article:modified_time\" content=\"2025-03-27T10:07:56+00:00\" \/>\n<meta property=\"og:image\" content=\"https:\/\/growhairguru.com\/wp-content\/uploads\/2024\/11\/services-details_01st.png\" \/>\n\t<meta property=\"og:image:width\" content=\"1110\" \/>\n\t<meta property=\"og:image:height\" content=\"500\" \/>\n\t<meta property=\"og:image:type\" content=\"image\/png\" \/>\n<meta name=\"twitter:card\" content=\"summary_large_image\" \/>\n<meta name=\"twitter:label1\" content=\"Dur\u00e9e de lecture estim\u00e9e\" \/>\n\t<meta name=\"twitter:data1\" content=\"2 minutes\" \/>\n<script type=\"application\/ld+json\" class=\"yoast-schema-graph\">{\"@context\":\"https:\/\/schema.org\",\"@graph\":[{\"@type\":\"WebPage\",\"@id\":\"https:\/\/growhairguru.com\/about-us\/\",\"url\":\"https:\/\/growhairguru.com\/about-us\/\",\"name\":\"About Us - Hairegen - the most advanced hair strengthening device in the world to treat hair loss\",\"isPartOf\":{\"@id\":\"https:\/\/growhairguru.com\/#website\"},\"primaryImageOfPage\":{\"@id\":\"https:\/\/growhairguru.com\/about-us\/#primaryimage\"},\"image\":{\"@id\":\"https:\/\/growhairguru.com\/about-us\/#primaryimage\"},\"thumbnailUrl\":\"https:\/\/growhairguru.com\/wp-content\/uploads\/2024\/11\/services-details_01st.png\",\"datePublished\":\"2024-11-17T22:49:21+00:00\",\"dateModified\":\"2025-03-27T10:07:56+00:00\",\"breadcrumb\":{\"@id\":\"https:\/\/growhairguru.com\/about-us\/#breadcrumb\"},\"inLanguage\":\"fr-FR\",\"potentialAction\":[{\"@type\":\"ReadAction\",\"target\":[\"https:\/\/growhairguru.com\/about-us\/\"]}]},{\"@type\":\"ImageObject\",\"inLanguage\":\"fr-FR\",\"@id\":\"https:\/\/growhairguru.com\/about-us\/#primaryimage\",\"url\":\"https:\/\/growhairguru.com\/wp-content\/uploads\/2024\/11\/services-details_01st.png\",\"contentUrl\":\"https:\/\/growhairguru.com\/wp-content\/uploads\/2024\/11\/services-details_01st.png\"},{\"@type\":\"BreadcrumbList\",\"@id\":\"https:\/\/growhairguru.com\/about-us\/#breadcrumb\",\"itemListElement\":[{\"@type\":\"ListItem\",\"position\":1,\"name\":\"Home\",\"item\":\"https:\/\/growhairguru.com\/\"},{\"@type\":\"ListItem\",\"position\":2,\"name\":\"About Us\"}]},{\"@type\":\"WebSite\",\"@id\":\"https:\/\/growhairguru.com\/#website\",\"url\":\"https:\/\/growhairguru.com\/\",\"name\":\"Hairegen - the most advanced hair strengthening device in the world to treat hair loss\",\"description\":\"The best selling medical device for thickening, hair growth and hair loss treatment. Backed by clinical research which provided 92 percent success!\",\"publisher\":{\"@id\":\"https:\/\/growhairguru.com\/#organization\"},\"potentialAction\":[{\"@type\":\"SearchAction\",\"target\":{\"@type\":\"EntryPoint\",\"urlTemplate\":\"https:\/\/growhairguru.com\/?s={search_term_string}\"},\"query-input\":{\"@type\":\"PropertyValueSpecification\",\"valueRequired\":true,\"valueName\":\"search_term_string\"}}],\"inLanguage\":\"fr-FR\"},{\"@type\":\"Organization\",\"@id\":\"https:\/\/growhairguru.com\/#organization\",\"name\":\"Hairegen - the most advanced hair strengthening device in the world to treat hair loss\",\"url\":\"https:\/\/growhairguru.com\/\",\"logo\":{\"@type\":\"ImageObject\",\"inLanguage\":\"fr-FR\",\"@id\":\"https:\/\/growhairguru.com\/#\/schema\/logo\/image\/\",\"url\":\"https:\/\/growhairguru.com\/wp-content\/uploads\/2024\/10\/Hairegen_logo.png\",\"contentUrl\":\"https:\/\/growhairguru.com\/wp-content\/uploads\/2024\/10\/Hairegen_logo.png\",\"width\":500,\"height\":136,\"caption\":\"Hairegen - the most advanced hair strengthening device in the world to treat hair loss\"},\"image\":{\"@id\":\"https:\/\/growhairguru.com\/#\/schema\/logo\/image\/\"}}]}<\/script>\n<!-- \/ Yoast SEO plugin. -->","yoast_head_json":{"title":"About Us - Hairegen - the most advanced hair strengthening device in the world to treat hair loss","robots":{"index":"index","follow":"follow","max-snippet":"max-snippet:-1","max-image-preview":"max-image-preview:large","max-video-preview":"max-video-preview:-1"},"canonical":"https:\/\/growhairguru.com\/fr\/about-us\/","og_locale":"fr_FR","og_type":"article","og_title":"About Us - Hairegen - the most advanced hair strengthening device in the world to treat hair loss","og_description":"Innovators in Hair Restoration At Hairegen, we believe everyone deserves to feel confident and empowered in their appearance. Hair plays a significant role in how we present ourselves to the world, and we understand how deeply hair loss can affect self-esteem. That\u2019s why we\u2019ve dedicated ourselves to creating innovative, effective, and user-friendly solutions to combat [&hellip;]","og_url":"https:\/\/growhairguru.com\/fr\/about-us\/","og_site_name":"Hairegen - the most advanced hair strengthening device in the world to treat hair loss","article_modified_time":"2025-03-27T10:07:56+00:00","og_image":[{"width":1110,"height":500,"url":"https:\/\/growhairguru.com\/wp-content\/uploads\/2024\/11\/services-details_01st.png","type":"image\/png"}],"twitter_card":"summary_large_image","twitter_misc":{"Dur\u00e9e de lecture estim\u00e9e":"2 minutes"},"schema":{"@context":"https:\/\/schema.org","@graph":[{"@type":"WebPage","@id":"https:\/\/growhairguru.com\/about-us\/","url":"https:\/\/growhairguru.com\/about-us\/","name":"About Us - Hairegen - the most advanced hair strengthening device in the world to treat hair loss","isPartOf":{"@id":"https:\/\/growhairguru.com\/#website"},"primaryImageOfPage":{"@id":"https:\/\/growhairguru.com\/about-us\/#primaryimage"},"image":{"@id":"https:\/\/growhairguru.com\/about-us\/#primaryimage"},"thumbnailUrl":"https:\/\/growhairguru.com\/wp-content\/uploads\/2024\/11\/services-details_01st.png","datePublished":"2024-11-17T22:49:21+00:00","dateModified":"2025-03-27T10:07:56+00:00","breadcrumb":{"@id":"https:\/\/growhairguru.com\/about-us\/#breadcrumb"},"inLanguage":"fr-FR","potentialAction":[{"@type":"ReadAction","target":["https:\/\/growhairguru.com\/about-us\/"]}]},{"@type":"ImageObject","inLanguage":"fr-FR","@id":"https:\/\/growhairguru.com\/about-us\/#primaryimage","url":"https:\/\/growhairguru.com\/wp-content\/uploads\/2024\/11\/services-details_01st.png","contentUrl":"https:\/\/growhairguru.com\/wp-content\/uploads\/2024\/11\/services-details_01st.png"},{"@type":"BreadcrumbList","@id":"https:\/\/growhairguru.com\/about-us\/#breadcrumb","itemListElement":[{"@type":"ListItem","position":1,"name":"Home","item":"https:\/\/growhairguru.com\/"},{"@type":"ListItem","position":2,"name":"About Us"}]},{"@type":"WebSite","@id":"https:\/\/growhairguru.com\/#website","url":"https:\/\/growhairguru.com\/","name":"Hairegen - the most advanced hair strengthening device in the world to treat hair loss","description":"The best selling medical device for thickening, hair growth and hair loss treatment. Backed by clinical research which provided 92 percent success!","publisher":{"@id":"https:\/\/growhairguru.com\/#organization"},"potentialAction":[{"@type":"SearchAction","target":{"@type":"EntryPoint","urlTemplate":"https:\/\/growhairguru.com\/?s={search_term_string}"},"query-input":{"@type":"PropertyValueSpecification","valueRequired":true,"valueName":"search_term_string"}}],"inLanguage":"fr-FR"},{"@type":"Organization","@id":"https:\/\/growhairguru.com\/#organization","name":"Hairegen - the most advanced hair strengthening device in the world to treat hair loss","url":"https:\/\/growhairguru.com\/","logo":{"@type":"ImageObject","inLanguage":"fr-FR","@id":"https:\/\/growhairguru.com\/#\/schema\/logo\/image\/","url":"https:\/\/growhairguru.com\/wp-content\/uploads\/2024\/10\/Hairegen_logo.png","contentUrl":"https:\/\/growhairguru.com\/wp-content\/uploads\/2024\/10\/Hairegen_logo.png","width":500,"height":136,"caption":"Hairegen - the most advanced hair strengthening device in the world to treat hair loss"},"image":{"@id":"https:\/\/growhairguru.com\/#\/schema\/logo\/image\/"}}]}},"_links":{"self":[{"href":"https:\/\/growhairguru.com\/fr\/wp-json\/wp\/v2\/pages\/1261","targetHints":{"allow":["GET"]}}],"collection":[{"href":"https:\/\/growhairguru.com\/fr\/wp-json\/wp\/v2\/pages"}],"about":[{"href":"https:\/\/growhairguru.com\/fr\/wp-json\/wp\/v2\/types\/page"}],"author":[{"embeddable":true,"href":"https:\/\/growhairguru.com\/fr\/wp-json\/wp\/v2\/users\/1"}],"replies":[{"embeddable":true,"href":"https:\/\/growhairguru.com\/fr\/wp-json\/wp\/v2\/comments?post=1261"}],"version-history":[{"count":10,"href":"https:\/\/growhairguru.com\/fr\/wp-json\/wp\/v2\/pages\/1261\/revisions"}],"predecessor-version":[{"id":1903,"href":"https:\/\/growhairguru.com\/fr\/wp-json\/wp\/v2\/pages\/1261\/revisions\/1903"}],"wp:attachment":[{"href":"https:\/\/growhairguru.com\/fr\/wp-json\/wp\/v2\/media?parent=1261"}],"curies":[{"name":"wp","href":"https:\/\/api.w.org\/{rel}","templated":true}]}}