{"id":1261,"date":"2024-11-17T22:49:21","date_gmt":"2024-11-17T22:49:21","guid":{"rendered":"https:\/\/growhairguru.com\/?page_id=1261"},"modified":"2025-03-27T10:07:56","modified_gmt":"2025-03-27T10:07:56","slug":"about-us","status":"publish","type":"page","link":"https:\/\/growhairguru.com\/de\/about-us\/","title":{"rendered":"\u00dcber uns"},"content":{"rendered":"<div data-elementor-type=\"wp-page\" data-elementor-id=\"1261\" class=\"elementor elementor-1261\" data-elementor-post-type=\"page\">\n\t\t\t\t\t\t<section class=\"elementor-section elementor-top-section elementor-element elementor-element-595da446 elementor-section-boxed elementor-section-height-default elementor-section-height-default\" data-id=\"595da446\" data-element_type=\"section\" data-settings=\"{&quot;jet_parallax_layout_list&quot;:[],&quot;ekit_has_onepagescroll_dot&quot;:&quot;yes&quot;}\">\n\t\t\t\t\t\t<div class=\"elementor-container elementor-column-gap-default\">\n\t\t\t\t\t<div class=\"elementor-column elementor-col-100 elementor-top-column elementor-element elementor-element-5f4e412b\" data-id=\"5f4e412b\" data-element_type=\"column\" data-settings=\"{&quot;background_background&quot;:&quot;classic&quot;}\">\n\t\t\t<div class=\"elementor-widget-wrap elementor-element-populated\">\n\t\t\t\t\t\t<div class=\"elementor-element elementor-element-399a6cab elementor-widget elementor-widget-image\" data-id=\"399a6cab\" data-element_type=\"widget\" data-settings=\"{&quot;ekit_we_effect_on&quot;:&quot;none&quot;}\" data-widget_type=\"image.default\">\n\t\t\t\t<div class=\"elementor-widget-container\">\n\t\t\t\t\t\t\t\t\t\t\t\t\t\t\t<img fetchpriority=\"high\" decoding=\"async\" width=\"1110\" height=\"500\" src=\"https:\/\/growhairguru.com\/wp-content\/uploads\/2024\/11\/services-details_01st.png\" class=\"attachment-full size-full wp-image-1269\" alt=\"\" srcset=\"https:\/\/growhairguru.com\/wp-content\/uploads\/2024\/11\/services-details_01st.png 1110w, https:\/\/growhairguru.com\/wp-content\/uploads\/2024\/11\/services-details_01st-600x270.png 600w, https:\/\/growhairguru.com\/wp-content\/uploads\/2024\/11\/services-details_01st-300x135.png 300w, https:\/\/growhairguru.com\/wp-content\/uploads\/2024\/11\/services-details_01st-1024x461.png 1024w, https:\/\/growhairguru.com\/wp-content\/uploads\/2024\/11\/services-details_01st-768x346.png 768w\" sizes=\"(max-width: 1110px) 100vw, 1110px\" \/>\t\t\t\t\t\t\t\t\t\t\t\t\t\t\t<\/div>\n\t\t\t\t<\/div>\n\t\t\t\t<div class=\"elementor-element elementor-element-516300b5 elementor-widget elementor-widget-elementskit-heading\" data-id=\"516300b5\" data-element_type=\"widget\" data-settings=\"{&quot;ekit_we_effect_on&quot;:&quot;none&quot;}\" data-widget_type=\"elementskit-heading.default\">\n\t\t\t\t<div class=\"elementor-widget-container\">\n\t\t\t\t\t<div class=\"ekit-wid-con\" ><div class=\"ekit-heading elementskit-section-title-wraper text_left   ekit_heading_tablet-   ekit_heading_mobile-\"><h2 class=\"ekit-heading--title elementskit-section-title\">Innovatoren in der Haarwiederherstellung<\/h2>\t\t\t\t<div class='ekit-heading__description'>\n\t\t\t\t\t<p>Wir bei Hairregen sind der Meinung, dass jeder es verdient, sich in seinem Aussehen selbstbewusst und selbstsicher zu f\u00fchlen. Haare spielen eine wichtige Rolle dabei, wie wir uns der Welt pr\u00e4sentieren, und wir wissen, wie stark Haarausfall das Selbstwertgef\u00fchl beeintr\u00e4chtigen kann. Deshalb haben wir uns der Entwicklung innovativer, effektiver und benutzerfreundlicher L\u00f6sungen verschrieben, um Haarausfall zu bek\u00e4mpfen und das Nachwachsen zu f\u00f6rdern.<\/p>\n<p><strong>Unsere Mission<\/strong><br \/>Unsere Mission ist es, fortschrittliche, nicht-invasive L\u00f6sungen zur Haarwiederherstellung anzubieten, die echte Ergebnisse liefern. Mit modernster Technologie und unserem Engagement f\u00fcr Spitzenleistung m\u00f6chten wir Menschen weltweit dabei helfen, ges\u00fcnderes, dickeres und lebendigeres Haar zu bekommen \u2013 und das ganz bequem von zu Hause aus.<\/p>\n<p><strong>Unsere Produkte<\/strong><\/p>\n<ul>\n<li><strong>Haarregen ODER<\/strong>: Ein revolution\u00e4res Ger\u00e4t, das elektrische, biochemische und mechanische Aktionen kombiniert, um Haarausfall zu stoppen und das nat\u00fcrliche Haarwachstum anzuregen.<\/li>\n<li><strong>Hairregen Premium<\/strong>: Unser Premiummodell verbessert den Behandlungsvorgang durch Softlasertechnologie und erzielt noch bessere Ergebnisse.<\/li>\n<\/ul>\n<p><strong>Die Wissenschaft hinter Haireg<\/strong><br \/>Hairregen-Ger\u00e4te sind darauf ausgelegt, die Ursachen des Haarausfalls zu bek\u00e4mpfen. Indem sie die Durchblutung anregen, das DHT-Hormon neutralisieren und die Selbstheilungsmechanismen der Kopfhaut aktivieren, bieten unsere Produkte einen ganzheitlichen Ansatz zur Haarwiederherstellung. Die enthaltenen Zink- und Kupferionen unterst\u00fctzen die Haargesundheit zus\u00e4tzlich, indem sie gezielt die hormonellen Ungleichgewichte bek\u00e4mpfen, die zu Follikelatrophie f\u00fchren.<\/p>\n\t\t\t\t<\/div>\n\t\t\t<\/div><\/div>\t\t\t\t<\/div>\n\t\t\t\t<\/div>\n\t\t\t\t<div class=\"elementor-element elementor-element-7238dcb0 elementor-widget elementor-widget-elementskit-heading\" data-id=\"7238dcb0\" data-element_type=\"widget\" data-settings=\"{&quot;ekit_we_effect_on&quot;:&quot;none&quot;}\" data-widget_type=\"elementskit-heading.default\">\n\t\t\t\t<div class=\"elementor-widget-container\">\n\t\t\t\t\t<div class=\"ekit-wid-con\" ><div class=\"ekit-heading elementskit-section-title-wraper text_left   ekit_heading_tablet-   ekit_heading_mobile-\"><h2 class=\"ekit-heading--title elementskit-section-title\">Klinischer Erfolg<\/h2>\t\t\t\t<div class='ekit-heading__description'>\n\t\t\t\t\t<p>Unsere L\u00f6sungen sind nicht nur innovativ, sondern auch bew\u00e4hrt. Klinische Studien zeigen:<\/p>\n\t\t\t\t<\/div>\n\t\t\t<\/div><\/div>\t\t\t\t<\/div>\n\t\t\t\t<\/div>\n\t\t\t\t<section class=\"elementor-section elementor-inner-section elementor-element elementor-element-39dd061c elementor-section-boxed elementor-section-height-default elementor-section-height-default\" data-id=\"39dd061c\" data-element_type=\"section\" data-settings=\"{&quot;jet_parallax_layout_list&quot;:[],&quot;ekit_has_onepagescroll_dot&quot;:&quot;yes&quot;}\">\n\t\t\t\t\t\t<div class=\"elementor-container elementor-column-gap-no\">\n\t\t\t\t\t<div class=\"elementor-column elementor-col-50 elementor-inner-column elementor-element elementor-element-4a50635d\" data-id=\"4a50635d\" data-element_type=\"column\">\n\t\t\t<div class=\"elementor-widget-wrap elementor-element-populated\">\n\t\t\t\t\t\t<div class=\"elementor-element elementor-element-5c48bdb5 elementor-icon-list--layout-traditional elementor-list-item-link-full_width elementor-widget elementor-widget-icon-list\" data-id=\"5c48bdb5\" data-element_type=\"widget\" data-settings=\"{&quot;ekit_we_effect_on&quot;:&quot;none&quot;}\" data-widget_type=\"icon-list.default\">\n\t\t\t\t<div class=\"elementor-widget-container\">\n\t\t\t\t\t\t\t<ul class=\"elementor-icon-list-items\">\n\t\t\t\t\t\t\t<li class=\"elementor-icon-list-item\">\n\t\t\t\t\t\t\t\t\t\t\t<span class=\"elementor-icon-list-icon\">\n\t\t\t\t\t\t\t<i aria-hidden=\"true\" class=\"icon icon-tick\"><\/i>\t\t\t\t\t\t<\/span>\n\t\t\t\t\t\t\t\t\t\t<span class=\"elementor-icon-list-text\">Eine Erfolgsquote von 92% beim Stoppen des Haarausfalls.<\/span>\n\t\t\t\t\t\t\t\t\t<\/li>\n\t\t\t\t\t\t\t\t<li class=\"elementor-icon-list-item\">\n\t\t\t\t\t\t\t\t\t\t\t<span class=\"elementor-icon-list-icon\">\n\t\t\t\t\t\t\t<i aria-hidden=\"true\" class=\"icon icon-tick\"><\/i>\t\t\t\t\t\t<\/span>\n\t\t\t\t\t\t\t\t\t\t<span class=\"elementor-icon-list-text\">Eine 23%-Zunahme der Haardichte.<\/span>\n\t\t\t\t\t\t\t\t\t<\/li>\n\t\t\t\t\t\t\t\t<li class=\"elementor-icon-list-item\">\n\t\t\t\t\t\t\t\t\t\t\t<span class=\"elementor-icon-list-icon\">\n\t\t\t\t\t\t\t<i aria-hidden=\"true\" class=\"icon icon-tick\"><\/i>\t\t\t\t\t\t<\/span>\n\t\t\t\t\t\t\t\t\t\t<span class=\"elementor-icon-list-text\">Eine 21%-Verbesserung der Haardicke.<\/span>\n\t\t\t\t\t\t\t\t\t<\/li>\n\t\t\t\t\t\t<\/ul>\n\t\t\t\t\t\t<\/div>\n\t\t\t\t<\/div>\n\t\t\t\t\t<\/div>\n\t\t<\/div>\n\t\t\t\t<div class=\"elementor-column elementor-col-50 elementor-inner-column elementor-element elementor-element-2d5d2c98\" data-id=\"2d5d2c98\" data-element_type=\"column\">\n\t\t\t<div class=\"elementor-widget-wrap\">\n\t\t\t\t\t\t\t<\/div>\n\t\t<\/div>\n\t\t\t\t\t<\/div>\n\t\t<\/section>\n\t\t\t\t<div class=\"elementor-element elementor-element-59bc4a13 elementor-widget elementor-widget-elementskit-heading\" data-id=\"59bc4a13\" data-element_type=\"widget\" data-settings=\"{&quot;ekit_we_effect_on&quot;:&quot;none&quot;}\" data-widget_type=\"elementskit-heading.default\">\n\t\t\t\t<div class=\"elementor-widget-container\">\n\t\t\t\t\t<div class=\"ekit-wid-con\" ><div class=\"ekit-heading elementskit-section-title-wraper text_left   ekit_heading_tablet-   ekit_heading_mobile-\">\t\t\t\t<div class='ekit-heading__description'>\n\t\t\t\t\t<p><strong>Engagement f\u00fcr Qualit\u00e4t und Sicherheit<\/strong><br \/>Hairregen-Ger\u00e4te sind von Gesundheitsbeh\u00f6rden wie dem Gesundheitsministerium und dem Standards Institute zugelassen. Da keine Medikamente oder invasive Eingriffe erforderlich sind, bieten unsere Behandlungen eine sichere und bequeme Alternative zu herk\u00f6mmlichen Methoden.<\/p>\n<p><strong>Machen Sie mit bei der Hairogen-Revolution<\/strong><br \/>Schlie\u00dfen Sie sich den Tausenden zufriedener Kunden an, die mit Hairregen ihr Haar und ihr Selbstvertrauen ver\u00e4ndert haben. Entdecken Sie, wie Wissenschaft, Innovation und Engagement zusammenkommen, um beispiellose Ergebnisse zu erzielen.<\/p>\n\t\t\t\t<\/div>\n\t\t\t<\/div><\/div>\t\t\t\t<\/div>\n\t\t\t\t<\/div>\n\t\t\t\t\t<\/div>\n\t\t<\/div>\n\t\t\t\t\t<\/div>\n\t\t<\/section>\n\t\t\t\t<\/div>","protected":false},"excerpt":{"rendered":"<p>Innovatoren in der Haarwiederherstellung Wir bei Hairregen glauben, dass jeder es verdient, sich in seinem Aussehen selbstbewusst und selbstbewusst zu f\u00fchlen. Haare spielen eine wichtige Rolle dabei, wie wir uns der Welt pr\u00e4sentieren, und wir wissen, wie stark Haarausfall das Selbstwertgef\u00fchl beeintr\u00e4chtigen kann. Deshalb haben wir uns der Entwicklung innovativer, effektiver und benutzerfreundlicher L\u00f6sungen zur Bek\u00e4mpfung von [\u2026] verschrieben.<\/p>","protected":false},"author":1,"featured_media":0,"parent":0,"menu_order":0,"comment_status":"closed","ping_status":"closed","template":"","meta":{"footnotes":""},"class_list":["post-1261","page","type-page","status-publish","hentry"],"yoast_head":"<!-- This site is optimized with the Yoast SEO plugin v25.2 - https:\/\/yoast.com\/wordpress\/plugins\/seo\/ -->\n<title>About Us - Hairegen - the most advanced hair strengthening device in the world to treat hair loss<\/title>\n<meta name=\"robots\" content=\"index, follow, max-snippet:-1, max-image-preview:large, max-video-preview:-1\" \/>\n<link rel=\"canonical\" href=\"https:\/\/growhairguru.com\/de\/about-us\/\" \/>\n<meta property=\"og:locale\" content=\"de_DE\" \/>\n<meta property=\"og:type\" content=\"article\" \/>\n<meta property=\"og:title\" content=\"About Us - Hairegen - the most advanced hair strengthening device in the world to treat hair loss\" \/>\n<meta property=\"og:description\" content=\"Innovators in Hair Restoration At Hairegen, we believe everyone deserves to feel confident and empowered in their appearance. Hair plays a significant role in how we present ourselves to the world, and we understand how deeply hair loss can affect self-esteem. That\u2019s why we\u2019ve dedicated ourselves to creating innovative, effective, and user-friendly solutions to combat [&hellip;]\" \/>\n<meta property=\"og:url\" content=\"https:\/\/growhairguru.com\/de\/about-us\/\" \/>\n<meta property=\"og:site_name\" content=\"Hairegen - the most advanced hair strengthening device in the world to treat hair loss\" \/>\n<meta property=\"article:modified_time\" content=\"2025-03-27T10:07:56+00:00\" \/>\n<meta property=\"og:image\" content=\"https:\/\/growhairguru.com\/wp-content\/uploads\/2024\/11\/services-details_01st.png\" \/>\n\t<meta property=\"og:image:width\" content=\"1110\" \/>\n\t<meta property=\"og:image:height\" content=\"500\" \/>\n\t<meta property=\"og:image:type\" content=\"image\/png\" \/>\n<meta name=\"twitter:card\" content=\"summary_large_image\" \/>\n<meta name=\"twitter:label1\" content=\"Gesch\u00e4tzte Lesezeit\" \/>\n\t<meta name=\"twitter:data1\" content=\"2\u00a0Minuten\" \/>\n<script type=\"application\/ld+json\" class=\"yoast-schema-graph\">{\"@context\":\"https:\/\/schema.org\",\"@graph\":[{\"@type\":\"WebPage\",\"@id\":\"https:\/\/growhairguru.com\/about-us\/\",\"url\":\"https:\/\/growhairguru.com\/about-us\/\",\"name\":\"About Us - Hairegen - the most advanced hair strengthening device in the world to treat hair loss\",\"isPartOf\":{\"@id\":\"https:\/\/growhairguru.com\/#website\"},\"primaryImageOfPage\":{\"@id\":\"https:\/\/growhairguru.com\/about-us\/#primaryimage\"},\"image\":{\"@id\":\"https:\/\/growhairguru.com\/about-us\/#primaryimage\"},\"thumbnailUrl\":\"https:\/\/growhairguru.com\/wp-content\/uploads\/2024\/11\/services-details_01st.png\",\"datePublished\":\"2024-11-17T22:49:21+00:00\",\"dateModified\":\"2025-03-27T10:07:56+00:00\",\"breadcrumb\":{\"@id\":\"https:\/\/growhairguru.com\/about-us\/#breadcrumb\"},\"inLanguage\":\"de-CH\",\"potentialAction\":[{\"@type\":\"ReadAction\",\"target\":[\"https:\/\/growhairguru.com\/about-us\/\"]}]},{\"@type\":\"ImageObject\",\"inLanguage\":\"de-CH\",\"@id\":\"https:\/\/growhairguru.com\/about-us\/#primaryimage\",\"url\":\"https:\/\/growhairguru.com\/wp-content\/uploads\/2024\/11\/services-details_01st.png\",\"contentUrl\":\"https:\/\/growhairguru.com\/wp-content\/uploads\/2024\/11\/services-details_01st.png\"},{\"@type\":\"BreadcrumbList\",\"@id\":\"https:\/\/growhairguru.com\/about-us\/#breadcrumb\",\"itemListElement\":[{\"@type\":\"ListItem\",\"position\":1,\"name\":\"Home\",\"item\":\"https:\/\/growhairguru.com\/\"},{\"@type\":\"ListItem\",\"position\":2,\"name\":\"About Us\"}]},{\"@type\":\"WebSite\",\"@id\":\"https:\/\/growhairguru.com\/#website\",\"url\":\"https:\/\/growhairguru.com\/\",\"name\":\"Hairegen - the most advanced hair strengthening device in the world to treat hair loss\",\"description\":\"The best selling medical device for thickening, hair growth and hair loss treatment. Backed by clinical research which provided 92 percent success!\",\"publisher\":{\"@id\":\"https:\/\/growhairguru.com\/#organization\"},\"potentialAction\":[{\"@type\":\"SearchAction\",\"target\":{\"@type\":\"EntryPoint\",\"urlTemplate\":\"https:\/\/growhairguru.com\/?s={search_term_string}\"},\"query-input\":{\"@type\":\"PropertyValueSpecification\",\"valueRequired\":true,\"valueName\":\"search_term_string\"}}],\"inLanguage\":\"de-CH\"},{\"@type\":\"Organization\",\"@id\":\"https:\/\/growhairguru.com\/#organization\",\"name\":\"Hairegen - the most advanced hair strengthening device in the world to treat hair loss\",\"url\":\"https:\/\/growhairguru.com\/\",\"logo\":{\"@type\":\"ImageObject\",\"inLanguage\":\"de-CH\",\"@id\":\"https:\/\/growhairguru.com\/#\/schema\/logo\/image\/\",\"url\":\"https:\/\/growhairguru.com\/wp-content\/uploads\/2024\/10\/Hairegen_logo.png\",\"contentUrl\":\"https:\/\/growhairguru.com\/wp-content\/uploads\/2024\/10\/Hairegen_logo.png\",\"width\":500,\"height\":136,\"caption\":\"Hairegen - the most advanced hair strengthening device in the world to treat hair loss\"},\"image\":{\"@id\":\"https:\/\/growhairguru.com\/#\/schema\/logo\/image\/\"}}]}<\/script>\n<!-- \/ Yoast SEO plugin. -->","yoast_head_json":{"title":"About Us - Hairegen - the most advanced hair strengthening device in the world to treat hair loss","robots":{"index":"index","follow":"follow","max-snippet":"max-snippet:-1","max-image-preview":"max-image-preview:large","max-video-preview":"max-video-preview:-1"},"canonical":"https:\/\/growhairguru.com\/de\/about-us\/","og_locale":"de_DE","og_type":"article","og_title":"About Us - Hairegen - the most advanced hair strengthening device in the world to treat hair loss","og_description":"Innovators in Hair Restoration At Hairegen, we believe everyone deserves to feel confident and empowered in their appearance. Hair plays a significant role in how we present ourselves to the world, and we understand how deeply hair loss can affect self-esteem. That\u2019s why we\u2019ve dedicated ourselves to creating innovative, effective, and user-friendly solutions to combat [&hellip;]","og_url":"https:\/\/growhairguru.com\/de\/about-us\/","og_site_name":"Hairegen - the most advanced hair strengthening device in the world to treat hair loss","article_modified_time":"2025-03-27T10:07:56+00:00","og_image":[{"width":1110,"height":500,"url":"https:\/\/growhairguru.com\/wp-content\/uploads\/2024\/11\/services-details_01st.png","type":"image\/png"}],"twitter_card":"summary_large_image","twitter_misc":{"Gesch\u00e4tzte Lesezeit":"2\u00a0Minuten"},"schema":{"@context":"https:\/\/schema.org","@graph":[{"@type":"WebPage","@id":"https:\/\/growhairguru.com\/about-us\/","url":"https:\/\/growhairguru.com\/about-us\/","name":"About Us - Hairegen - the most advanced hair strengthening device in the world to treat hair loss","isPartOf":{"@id":"https:\/\/growhairguru.com\/#website"},"primaryImageOfPage":{"@id":"https:\/\/growhairguru.com\/about-us\/#primaryimage"},"image":{"@id":"https:\/\/growhairguru.com\/about-us\/#primaryimage"},"thumbnailUrl":"https:\/\/growhairguru.com\/wp-content\/uploads\/2024\/11\/services-details_01st.png","datePublished":"2024-11-17T22:49:21+00:00","dateModified":"2025-03-27T10:07:56+00:00","breadcrumb":{"@id":"https:\/\/growhairguru.com\/about-us\/#breadcrumb"},"inLanguage":"de-CH","potentialAction":[{"@type":"ReadAction","target":["https:\/\/growhairguru.com\/about-us\/"]}]},{"@type":"ImageObject","inLanguage":"de-CH","@id":"https:\/\/growhairguru.com\/about-us\/#primaryimage","url":"https:\/\/growhairguru.com\/wp-content\/uploads\/2024\/11\/services-details_01st.png","contentUrl":"https:\/\/growhairguru.com\/wp-content\/uploads\/2024\/11\/services-details_01st.png"},{"@type":"BreadcrumbList","@id":"https:\/\/growhairguru.com\/about-us\/#breadcrumb","itemListElement":[{"@type":"ListItem","position":1,"name":"Home","item":"https:\/\/growhairguru.com\/"},{"@type":"ListItem","position":2,"name":"About Us"}]},{"@type":"WebSite","@id":"https:\/\/growhairguru.com\/#website","url":"https:\/\/growhairguru.com\/","name":"Hairegen - the most advanced hair strengthening device in the world to treat hair loss","description":"The best selling medical device for thickening, hair growth and hair loss treatment. Backed by clinical research which provided 92 percent success!","publisher":{"@id":"https:\/\/growhairguru.com\/#organization"},"potentialAction":[{"@type":"SearchAction","target":{"@type":"EntryPoint","urlTemplate":"https:\/\/growhairguru.com\/?s={search_term_string}"},"query-input":{"@type":"PropertyValueSpecification","valueRequired":true,"valueName":"search_term_string"}}],"inLanguage":"de-CH"},{"@type":"Organization","@id":"https:\/\/growhairguru.com\/#organization","name":"Hairegen - the most advanced hair strengthening device in the world to treat hair loss","url":"https:\/\/growhairguru.com\/","logo":{"@type":"ImageObject","inLanguage":"de-CH","@id":"https:\/\/growhairguru.com\/#\/schema\/logo\/image\/","url":"https:\/\/growhairguru.com\/wp-content\/uploads\/2024\/10\/Hairegen_logo.png","contentUrl":"https:\/\/growhairguru.com\/wp-content\/uploads\/2024\/10\/Hairegen_logo.png","width":500,"height":136,"caption":"Hairegen - the most advanced hair strengthening device in the world to treat hair loss"},"image":{"@id":"https:\/\/growhairguru.com\/#\/schema\/logo\/image\/"}}]}},"_links":{"self":[{"href":"https:\/\/growhairguru.com\/de\/wp-json\/wp\/v2\/pages\/1261","targetHints":{"allow":["GET"]}}],"collection":[{"href":"https:\/\/growhairguru.com\/de\/wp-json\/wp\/v2\/pages"}],"about":[{"href":"https:\/\/growhairguru.com\/de\/wp-json\/wp\/v2\/types\/page"}],"author":[{"embeddable":true,"href":"https:\/\/growhairguru.com\/de\/wp-json\/wp\/v2\/users\/1"}],"replies":[{"embeddable":true,"href":"https:\/\/growhairguru.com\/de\/wp-json\/wp\/v2\/comments?post=1261"}],"version-history":[{"count":10,"href":"https:\/\/growhairguru.com\/de\/wp-json\/wp\/v2\/pages\/1261\/revisions"}],"predecessor-version":[{"id":1903,"href":"https:\/\/growhairguru.com\/de\/wp-json\/wp\/v2\/pages\/1261\/revisions\/1903"}],"wp:attachment":[{"href":"https:\/\/growhairguru.com\/de\/wp-json\/wp\/v2\/media?parent=1261"}],"curies":[{"name":"wp","href":"https:\/\/api.w.org\/{rel}","templated":true}]}}